{"id":171,"date":"2018-09-25T11:22:47","date_gmt":"2018-09-25T09:22:47","guid":{"rendered":"https:\/\/www.keulen.puntdev.nl\/home\/"},"modified":"2024-04-10T14:25:43","modified_gmt":"2024-04-10T13:25:43","slug":"home","status":"publish","type":"page","link":"https:\/\/www.keulen.com\/de\/","title":{"rendered":"Der gr\u00f6\u00dfte Innenausbauer, mit einem Auge f\u00fcr die kleinsten Details"},"content":{"rendered":"","protected":false},"excerpt":{"rendered":"","protected":false},"author":3,"featured_media":0,"parent":0,"menu_order":0,"comment_status":"closed","ping_status":"closed","template":"page-home.php","meta":{"_acf_changed":false,"footnotes":""},"class_list":["post-171","page","type-page","status-publish","hentry"],"acf":[],"yoast_head":"<!-- This site is optimized with the Yoast SEO plugin v26.9 - https:\/\/yoast.com\/product\/yoast-seo-wordpress\/ -->\n<title>Interieurbouw &amp; Winkelinrichting - Der gr\u00f6\u00dfte Innenausbauer, mit einem Auge f\u00fcr die kleinsten Details<\/title>\n<meta name=\"description\" content=\"Van Keulen Interieurbouw produceert en levert meer dan een halve eeuw interieuroplossingen. Maatwerk tot turn-key. Onze winkelinrichting verandert uw zaak!\" \/>\n<meta name=\"robots\" content=\"index, follow, max-snippet:-1, max-image-preview:large, max-video-preview:-1\" \/>\n<link rel=\"canonical\" href=\"https:\/\/www.keulen.com\/de\/\" \/>\n<meta property=\"og:locale\" content=\"de_DE\" \/>\n<meta property=\"og:type\" content=\"article\" \/>\n<meta property=\"og:title\" content=\"Interieurbouw &amp; Winkelinrichting - Der gr\u00f6\u00dfte Innenausbauer, mit einem Auge f\u00fcr die kleinsten Details\" \/>\n<meta property=\"og:description\" content=\"Van Keulen Interieurbouw produceert en levert meer dan een halve eeuw interieuroplossingen. Maatwerk tot turn-key. Onze winkelinrichting verandert uw zaak!\" \/>\n<meta property=\"og:url\" content=\"https:\/\/www.keulen.com\/de\/\" \/>\n<meta property=\"og:site_name\" content=\"Van Keulen Interieurbouw\" \/>\n<meta property=\"article:publisher\" content=\"https:\/\/www.facebook.com\/vankeuleninterieurbouw\" \/>\n<meta property=\"article:modified_time\" content=\"2024-04-10T13:25:43+00:00\" \/>\n<meta name=\"twitter:card\" content=\"summary_large_image\" \/>\n<meta name=\"twitter:site\" content=\"@vkinterieurbouw\" \/>\n<meta name=\"twitter:label1\" content=\"Gesch\u00e4tzte Lesezeit\" \/>\n\t<meta name=\"twitter:data1\" content=\"4\u00a0Minuten\" \/>\n<script type=\"application\/ld+json\" class=\"yoast-schema-graph\">{\"@context\":\"https:\/\/schema.org\",\"@graph\":[{\"@type\":\"WebPage\",\"@id\":\"https:\/\/www.keulen.com\/de\/\",\"url\":\"https:\/\/www.keulen.com\/de\/\",\"name\":\"Interieurbouw & Winkelinrichting - Der gr\u00f6\u00dfte Innenausbauer, mit einem Auge f\u00fcr die kleinsten Details\",\"isPartOf\":{\"@id\":\"https:\/\/www.keulen.com\/de\/#website\"},\"datePublished\":\"2018-09-25T09:22:47+00:00\",\"dateModified\":\"2024-04-10T13:25:43+00:00\",\"description\":\"Van Keulen Interieurbouw produceert en levert meer dan een halve eeuw interieuroplossingen. Maatwerk tot turn-key. Onze winkelinrichting verandert uw zaak!\",\"breadcrumb\":{\"@id\":\"https:\/\/www.keulen.com\/de\/#breadcrumb\"},\"inLanguage\":\"de\",\"potentialAction\":[{\"@type\":\"ReadAction\",\"target\":[\"https:\/\/www.keulen.com\/de\/\"]}]},{\"@type\":\"BreadcrumbList\",\"@id\":\"https:\/\/www.keulen.com\/de\/#breadcrumb\",\"itemListElement\":[{\"@type\":\"ListItem\",\"position\":1,\"name\":\"Home\",\"item\":\"https:\/\/www.keulen.com\/de\/\"},{\"@type\":\"ListItem\",\"position\":2,\"name\":\"Der gr\u00f6\u00dfte Innenausbauer, mit einem Auge f\u00fcr die kleinsten Details\"}]},{\"@type\":\"WebSite\",\"@id\":\"https:\/\/www.keulen.com\/de\/#website\",\"url\":\"https:\/\/www.keulen.com\/de\/\",\"name\":\"Van Keulen Interieurbouw\",\"description\":\"\",\"potentialAction\":[{\"@type\":\"SearchAction\",\"target\":{\"@type\":\"EntryPoint\",\"urlTemplate\":\"https:\/\/www.keulen.com\/de\/?s={search_term_string}\"},\"query-input\":{\"@type\":\"PropertyValueSpecification\",\"valueRequired\":true,\"valueName\":\"search_term_string\"}}],\"inLanguage\":\"de\"}]}<\/script>\n<!-- \/ Yoast SEO plugin. -->","yoast_head_json":{"title":"Interieurbouw & Winkelinrichting - Der gr\u00f6\u00dfte Innenausbauer, mit einem Auge f\u00fcr die kleinsten Details","description":"Van Keulen Interieurbouw produceert en levert meer dan een halve eeuw interieuroplossingen. Maatwerk tot turn-key. Onze winkelinrichting verandert uw zaak!","robots":{"index":"index","follow":"follow","max-snippet":"max-snippet:-1","max-image-preview":"max-image-preview:large","max-video-preview":"max-video-preview:-1"},"canonical":"https:\/\/www.keulen.com\/de\/","og_locale":"de_DE","og_type":"article","og_title":"Interieurbouw & Winkelinrichting - Der gr\u00f6\u00dfte Innenausbauer, mit einem Auge f\u00fcr die kleinsten Details","og_description":"Van Keulen Interieurbouw produceert en levert meer dan een halve eeuw interieuroplossingen. Maatwerk tot turn-key. Onze winkelinrichting verandert uw zaak!","og_url":"https:\/\/www.keulen.com\/de\/","og_site_name":"Van Keulen Interieurbouw","article_publisher":"https:\/\/www.facebook.com\/vankeuleninterieurbouw","article_modified_time":"2024-04-10T13:25:43+00:00","twitter_card":"summary_large_image","twitter_site":"@vkinterieurbouw","twitter_misc":{"Gesch\u00e4tzte Lesezeit":"4\u00a0Minuten"},"schema":{"@context":"https:\/\/schema.org","@graph":[{"@type":"WebPage","@id":"https:\/\/www.keulen.com\/de\/","url":"https:\/\/www.keulen.com\/de\/","name":"Interieurbouw & Winkelinrichting - Der gr\u00f6\u00dfte Innenausbauer, mit einem Auge f\u00fcr die kleinsten Details","isPartOf":{"@id":"https:\/\/www.keulen.com\/de\/#website"},"datePublished":"2018-09-25T09:22:47+00:00","dateModified":"2024-04-10T13:25:43+00:00","description":"Van Keulen Interieurbouw produceert en levert meer dan een halve eeuw interieuroplossingen. Maatwerk tot turn-key. Onze winkelinrichting verandert uw zaak!","breadcrumb":{"@id":"https:\/\/www.keulen.com\/de\/#breadcrumb"},"inLanguage":"de","potentialAction":[{"@type":"ReadAction","target":["https:\/\/www.keulen.com\/de\/"]}]},{"@type":"BreadcrumbList","@id":"https:\/\/www.keulen.com\/de\/#breadcrumb","itemListElement":[{"@type":"ListItem","position":1,"name":"Home","item":"https:\/\/www.keulen.com\/de\/"},{"@type":"ListItem","position":2,"name":"Der gr\u00f6\u00dfte Innenausbauer, mit einem Auge f\u00fcr die kleinsten Details"}]},{"@type":"WebSite","@id":"https:\/\/www.keulen.com\/de\/#website","url":"https:\/\/www.keulen.com\/de\/","name":"Van Keulen Interieurbouw","description":"","potentialAction":[{"@type":"SearchAction","target":{"@type":"EntryPoint","urlTemplate":"https:\/\/www.keulen.com\/de\/?s={search_term_string}"},"query-input":{"@type":"PropertyValueSpecification","valueRequired":true,"valueName":"search_term_string"}}],"inLanguage":"de"}]}},"_links":{"self":[{"href":"https:\/\/www.keulen.com\/de\/wp-json\/wp\/v2\/pages\/171","targetHints":{"allow":["GET"]}}],"collection":[{"href":"https:\/\/www.keulen.com\/de\/wp-json\/wp\/v2\/pages"}],"about":[{"href":"https:\/\/www.keulen.com\/de\/wp-json\/wp\/v2\/types\/page"}],"author":[{"embeddable":true,"href":"https:\/\/www.keulen.com\/de\/wp-json\/wp\/v2\/users\/3"}],"replies":[{"embeddable":true,"href":"https:\/\/www.keulen.com\/de\/wp-json\/wp\/v2\/comments?post=171"}],"version-history":[{"count":5,"href":"https:\/\/www.keulen.com\/de\/wp-json\/wp\/v2\/pages\/171\/revisions"}],"predecessor-version":[{"id":6433,"href":"https:\/\/www.keulen.com\/de\/wp-json\/wp\/v2\/pages\/171\/revisions\/6433"}],"wp:attachment":[{"href":"https:\/\/www.keulen.com\/de\/wp-json\/wp\/v2\/media?parent=171"}],"curies":[{"name":"wp","href":"https:\/\/api.w.org\/{rel}","templated":true}]}}